{"id":54,"date":"2022-01-18T12:11:01","date_gmt":"2022-01-18T11:11:01","guid":{"rendered":"https:\/\/www.pegonia.se\/stage\/?page_id=54"},"modified":"2022-01-19T14:33:10","modified_gmt":"2022-01-19T13:33:10","slug":"om-oss","status":"publish","type":"page","link":"https:\/\/www.pegonia.se\/stage\/?page_id=54","title":{"rendered":"Om oss"},"content":{"rendered":"<div class=\"vce-row-container\"><div class=\"vce-row vce-element--xl--has-background vce-element--lg--has-background vce-element--md--has-background vce-element--sm--has-background vce-element--xs--has-background vce-row--col-gap-30 vce-row-equal-height vce-row-content--middle\" data-vce-full-width=\"true\" data-vce-stretch-content=\"true\" id=\"el-3aa1d067\" data-vce-do-apply=\"all el-3aa1d067\"><div class=\"vce-content-background-container\"><\/div><div class=\"vce-row-content\" data-vce-element-content=\"true\"><div class=\"vce-col vce-col--md-auto vce-col--xs-1 vce-col--xs-last vce-col--xs-first vce-col--sm-last vce-col--sm-first vce-col--md-first vce-col--lg-first vce-col--xl-first\" id=\"el-6b0cea2c\"><div class=\"vce-col-inner\" data-vce-do-apply=\"border margin background  el-6b0cea2c\"><div class=\"vce-col-content\" data-vce-element-content=\"true\" data-vce-do-apply=\"padding el-6b0cea2c\"><div class=\"vce-single-image-container vce-single-image--align-center\"><div class=\"vce vce-single-image-wrapper\" id=\"el-dd985b64\" data-vce-do-apply=\"all el-dd985b64\"><figure><div class=\"vce-single-image-inner vce-single-image--absolute vce-single-image--border-round vce-image-filter--inkwell\" style=\"padding-bottom: 100%; width: 200px;\"><img loading=\"lazy\" decoding=\"async\" class=\"vce-single-image vcv-lozad\" data-src=\"https:\/\/www.pegonia.se\/stage\/wp-content\/uploads\/2022\/01\/mj-200x200.jpeg\" width=\"200\" height=\"200\" srcset=\"https:\/\/www.pegonia.se\/stage\/wp-content\/uploads\/2022\/01\/mj-320x320.jpeg 320w,https:\/\/www.pegonia.se\/stage\/wp-content\/uploads\/2022\/01\/mj-480x480.jpeg 480w,https:\/\/www.pegonia.se\/stage\/wp-content\/uploads\/2022\/01\/mj-800x800.jpeg 800w,https:\/\/www.pegonia.se\/stage\/wp-content\/uploads\/2022\/01\/mj-200x200.jpeg 200w,https:\/\/www.pegonia.se\/stage\/wp-content\/uploads\/2022\/01\/mj-400x400.jpeg 2x\" src=\"\" data-img-src=\"https:\/\/www.pegonia.se\/stage\/wp-content\/uploads\/2022\/01\/mj.jpeg\" alt=\"\" title=\"mj\" \/><noscript>\n        <img loading=\"lazy\" decoding=\"async\" class=\"vce-single-image\" src=\"https:\/\/www.pegonia.se\/stage\/wp-content\/uploads\/2022\/01\/mj.jpeg\" width=\"200\" height=\"200\" alt=\"\" title=\"mj\" \/>\n      <\/noscript><\/div><figcaption hidden=\"\"><\/figcaption><\/figure><\/div><\/div><\/div><\/div><\/div><div class=\"vce-col vce-col--md-auto vce-col--xs-1 vce-col--xs-last vce-col--xs-first vce-col--sm-last vce-col--sm-first vce-col--md-last vce-col--lg-last vce-col--xl-last\" id=\"el-4ed3b3da\"><div class=\"vce-col-inner\" data-vce-do-apply=\"border margin background  el-4ed3b3da\"><div class=\"vce-col-content\" data-vce-element-content=\"true\" data-vce-do-apply=\"padding el-4ed3b3da\"><div class=\"vce-text-block\"><div class=\"vce-text-block-wrapper vce\" id=\"el-f544c9ac\" data-vce-do-apply=\"all el-f544c9ac\"><h2><span style=\"color: #ffffff; font-size: 36pt; font-weight: bold; font-style: normal;\">Magnus Johnsson<\/span><\/h2><p><span style=\"color: #ffffff;\">Magnus \"Excel\" Johnsson tog sina f\u00f6rsta stapplande steg i M\u00f6lndal, vidare till G\u00f6teborgs Tekniska Institut, in i konsultv\u00e4rlden och ut i friheten som entrepren\u00f6r.<\/span><br><span style=\"color: #ffffff;\">Magnus \u00e4r b\u00e4st p\u00e5 att r\u00e4kna och s\u00e4kerst\u00e4ller att v\u00e5ra beslut \u00e4r faktabaserade (eller inte \"helt k\u00e4nslostyrda\", som han sj\u00e4lv uttrycker det). Om man f\u00e5r spekulera lite, s\u00e5 har han antagligen ganska h\u00f6gt IQ.<\/span><\/p><p><span style=\"color: #ffffff;\">magnus@pegonia.se<\/span><br><span style=\"color: #ffffff;\">0735 - 07 78 83<\/span><\/p><\/div><\/div><\/div><\/div><\/div><\/div><\/div><\/div><div class=\"vce-row-container\"><div class=\"vce-row vce-element--xl--has-background vce-element--lg--has-background vce-element--md--has-background vce-element--sm--has-background vce-element--xs--has-background vce-row--col-gap-30 vce-row-wrap--reverse vce-row-equal-height vce-row-content--middle\" data-vce-full-width=\"true\" data-vce-stretch-content=\"true\" id=\"el-a950b54e\" data-vce-do-apply=\"all el-a950b54e\"><div class=\"vce-content-background-container\"><\/div><div class=\"vce-row-content\" data-vce-element-content=\"true\"><div class=\"vce-col vce-col--md-auto vce-col--xs-1 vce-col--xs-last vce-col--xs-first vce-col--sm-last vce-col--sm-first vce-col--md-first vce-col--lg-first vce-col--xl-first\" id=\"el-fe8df6fc\"><div class=\"vce-col-inner\" data-vce-do-apply=\"border margin background  el-fe8df6fc\"><div class=\"vce-col-content\" data-vce-element-content=\"true\" data-vce-do-apply=\"padding el-fe8df6fc\"><div class=\"vce-text-block\"><div class=\"vce-text-block-wrapper vce\" id=\"el-18700920\" data-vce-do-apply=\"all el-18700920\"><h2><span style=\"font-weight: bold; font-style: normal; color: #ffffff; font-size: 36pt;\">Johan Norin<\/span><\/h2><p><span style=\"color: #ffffff;\">I grunden jurist, och har \u00e4gnat merparten \u00e5t sitt liv \u00e5t egenf\u00f6retagande och investeringar.<\/span><br><span style=\"color: #ffffff;\">Uppvuxen p\u00e5 \u00d6cker\u00f6, hemligt f\u00f6r\u00e4lskad i detaljplaner och vid nattduksbordet ligger antagligen senaste kommentarer till PBL. Johan har en speciell smak och det \u00e4r tur att vi samarbetar med duktiga arkitekter, f\u00f6r annars hade alla v\u00e5ra fastigheter varit orangea rokokoslott. <\/span><\/p><p><span style=\"color: #ffffff;\">johan@pegonia.se<\/span><br><span style=\"color: #ffffff;\">0735 - 34 50 49<\/span><\/p><\/div><\/div><\/div><\/div><\/div><div class=\"vce-col vce-col--md-auto vce-col--xs-1 vce-col--xs-last vce-col--xs-first vce-col--sm-last vce-col--sm-first vce-col--md-last vce-col--lg-last vce-col--xl-last\" id=\"el-f4ca06f6\"><div class=\"vce-col-inner\" data-vce-do-apply=\"border margin background  el-f4ca06f6\"><div class=\"vce-col-content\" data-vce-element-content=\"true\" data-vce-do-apply=\"padding el-f4ca06f6\"><div class=\"vce-single-image-container vce-single-image--align-center\"><div class=\"vce vce-single-image-wrapper\" id=\"el-08e72435\" data-vce-do-apply=\"all el-08e72435\"><figure><div class=\"vce-single-image-inner vce-single-image--absolute vce-single-image--border-round vce-image-filter--inkwell\" style=\"padding-bottom: 100%; width: 200px;\"><img loading=\"lazy\" decoding=\"async\" class=\"vce-single-image vcv-lozad\" data-src=\"https:\/\/www.pegonia.se\/stage\/wp-content\/uploads\/2022\/01\/johan-norin-edited-200x200.jpeg\" width=\"200\" height=\"200\" srcset=\"https:\/\/www.pegonia.se\/stage\/wp-content\/uploads\/2022\/01\/johan-norin-edited-320x320.jpeg 320w,https:\/\/www.pegonia.se\/stage\/wp-content\/uploads\/2022\/01\/johan-norin-edited-480x480.jpeg 480w,https:\/\/www.pegonia.se\/stage\/wp-content\/uploads\/2022\/01\/johan-norin-edited-800x800.jpeg 800w,https:\/\/www.pegonia.se\/stage\/wp-content\/uploads\/2022\/01\/johan-norin-edited-200x200.jpeg 200w,https:\/\/www.pegonia.se\/stage\/wp-content\/uploads\/2022\/01\/johan-norin-edited-400x400.jpeg 2x\" src=\"\" data-img-src=\"https:\/\/www.pegonia.se\/stage\/wp-content\/uploads\/2022\/01\/johan-norin-edited.jpeg\" alt=\"\" title=\"johan-norin-edited\" \/><noscript>\n        <img loading=\"lazy\" decoding=\"async\" class=\"vce-single-image\" src=\"https:\/\/www.pegonia.se\/stage\/wp-content\/uploads\/2022\/01\/johan-norin-edited.jpeg\" width=\"200\" height=\"200\" alt=\"\" title=\"johan-norin-edited\" \/>\n      <\/noscript><\/div><figcaption hidden=\"\"><\/figcaption><\/figure><\/div><\/div><\/div><\/div><\/div><\/div><\/div><\/div><div class=\"vce-row-container\"><div class=\"vce-row vce-element--xl--has-background vce-element--lg--has-background vce-element--md--has-background vce-element--sm--has-background vce-element--xs--has-background vce-row--col-gap-30 vce-row-equal-height vce-row-content--middle\" data-vce-full-width=\"true\" data-vce-stretch-content=\"true\" id=\"el-5633e916\" data-vce-do-apply=\"all el-5633e916\"><div class=\"vce-content-background-container\"><\/div><div class=\"vce-row-content\" data-vce-element-content=\"true\"><div class=\"vce-col vce-col--md-auto vce-col--xs-1 vce-col--xs-last vce-col--xs-first vce-col--sm-last vce-col--sm-first vce-col--md-first vce-col--lg-first vce-col--xl-first\" id=\"el-aed28584\"><div class=\"vce-col-inner\" data-vce-do-apply=\"border margin background  el-aed28584\"><div class=\"vce-col-content\" data-vce-element-content=\"true\" data-vce-do-apply=\"padding el-aed28584\"><div class=\"vce-single-image-container vce-single-image--align-center\"><div class=\"vce vce-single-image-wrapper\" id=\"el-ac8c9571\" data-vce-do-apply=\"all el-ac8c9571\"><figure><div class=\"vce-single-image-inner vce-single-image--absolute vce-single-image--border-round vce-image-filter--inkwell\" style=\"padding-bottom: 100%; width: 200px;\"><img loading=\"lazy\" decoding=\"async\" class=\"vce-single-image vcv-lozad\" data-src=\"https:\/\/www.pegonia.se\/stage\/wp-content\/uploads\/2022\/01\/11000531_10153491538078971_6433026764502995811_n-200x200.jpeg\" width=\"200\" height=\"200\" srcset=\"https:\/\/www.pegonia.se\/stage\/wp-content\/uploads\/2022\/01\/11000531_10153491538078971_6433026764502995811_n-320x320.jpeg 320w,https:\/\/www.pegonia.se\/stage\/wp-content\/uploads\/2022\/01\/11000531_10153491538078971_6433026764502995811_n-480x480.jpeg 480w,https:\/\/www.pegonia.se\/stage\/wp-content\/uploads\/2022\/01\/11000531_10153491538078971_6433026764502995811_n-800x800.jpeg 800w,https:\/\/www.pegonia.se\/stage\/wp-content\/uploads\/2022\/01\/11000531_10153491538078971_6433026764502995811_n-200x200.jpeg 200w,https:\/\/www.pegonia.se\/stage\/wp-content\/uploads\/2022\/01\/11000531_10153491538078971_6433026764502995811_n-400x400.jpeg 2x\" src=\"\" data-img-src=\"https:\/\/www.pegonia.se\/stage\/wp-content\/uploads\/2022\/01\/11000531_10153491538078971_6433026764502995811_n.jpeg\" alt=\"\" title=\"11000531_10153491538078971_6433026764502995811_n\" \/><noscript>\n        <img loading=\"lazy\" decoding=\"async\" class=\"vce-single-image\" src=\"https:\/\/www.pegonia.se\/stage\/wp-content\/uploads\/2022\/01\/11000531_10153491538078971_6433026764502995811_n.jpeg\" width=\"200\" height=\"200\" alt=\"\" title=\"11000531_10153491538078971_6433026764502995811_n\" \/>\n      <\/noscript><\/div><figcaption hidden=\"\"><\/figcaption><\/figure><\/div><\/div><\/div><\/div><\/div><div class=\"vce-col vce-col--md-auto vce-col--xs-1 vce-col--xs-last vce-col--xs-first vce-col--sm-last vce-col--sm-first vce-col--md-last vce-col--lg-last vce-col--xl-last\" id=\"el-7837dcda\"><div class=\"vce-col-inner\" data-vce-do-apply=\"border margin background  el-7837dcda\"><div class=\"vce-col-content\" data-vce-element-content=\"true\" data-vce-do-apply=\"padding el-7837dcda\"><div class=\"vce-text-block\"><div class=\"vce-text-block-wrapper vce\" id=\"el-ea38eaeb\" data-vce-do-apply=\"all el-ea38eaeb\"><h2><span style=\"font-weight: bold; font-style: normal; color: #ffffff; font-size: 36pt;\">John Axelberg<\/span><\/h2><p class=\"has-text-align-left has-nv-site-bg-color has-text-color has-normal-font-size\"><span style=\"color: #ffffff;\">- fastighetsutvecklaren fr\u00e5n Alings\u00e5s som sadlade om och blev telecomentrepren\u00f6r. Och sen fastighetsutvecklare, en g\u00e5ng till.<\/span><\/p><p><span style=\"color: #ffffff;\">   <\/span><\/p><p class=\"has-text-align-left has-nv-site-bg-color has-text-color has-normal-font-size\"><span style=\"color: #ffffff;\">Som en kompromissl\u00f6s vision\u00e4r \u00e4rJohn Pegonias svar p\u00e5 Elon Musk. Medan vi andra funderar p\u00e5 vilken bj\u00e4lklagstjocklek som \u00e4r tillr\u00e4cklig, undrar John varf\u00f6r vi inte bygger bost\u00e4der p\u00e5 m\u00e5nen.<\/span><\/p><p><span style=\"color: #ffffff;\"><a style=\"color: #ffffff;\" href=\"mailto:john@pegonia.se\">john@pegonia.se<\/a><\/span><br><span style=\"color: #ffffff;\">0706 - 26 76 46<\/span><\/p><\/div><\/div><\/div><\/div><\/div><\/div><\/div><\/div>","protected":false},"excerpt":{"rendered":"<p>Magnus JohnssonMagnus &#8220;Excel&#8221; Johnsson tog sina f\u00f6rsta stapplande steg i M\u00f6lndal, vidare till G\u00f6teborgs Tekniska Institut, in i konsultv\u00e4rlden och ut i friheten som entrepren\u00f6r.Magnus \u00e4r b\u00e4st p\u00e5 att r\u00e4kna och s\u00e4kerst\u00e4ller att v\u00e5ra beslut \u00e4r faktabaserade (eller inte &#8220;helt k\u00e4nslostyrda&#8221;, som han sj\u00e4lv uttrycker det). Om man f\u00e5r spekulera lite, s\u00e5 har han antagligen [&hellip;]<\/p>\n","protected":false},"author":1,"featured_media":0,"parent":0,"menu_order":0,"comment_status":"closed","ping_status":"closed","template":"","meta":{"footnotes":""},"class_list":["post-54","page","type-page","status-publish","hentry"],"_links":{"self":[{"href":"https:\/\/www.pegonia.se\/stage\/index.php?rest_route=\/wp\/v2\/pages\/54","targetHints":{"allow":["GET"]}}],"collection":[{"href":"https:\/\/www.pegonia.se\/stage\/index.php?rest_route=\/wp\/v2\/pages"}],"about":[{"href":"https:\/\/www.pegonia.se\/stage\/index.php?rest_route=\/wp\/v2\/types\/page"}],"author":[{"embeddable":true,"href":"https:\/\/www.pegonia.se\/stage\/index.php?rest_route=\/wp\/v2\/users\/1"}],"replies":[{"embeddable":true,"href":"https:\/\/www.pegonia.se\/stage\/index.php?rest_route=%2Fwp%2Fv2%2Fcomments&post=54"}],"version-history":[{"count":8,"href":"https:\/\/www.pegonia.se\/stage\/index.php?rest_route=\/wp\/v2\/pages\/54\/revisions"}],"predecessor-version":[{"id":181,"href":"https:\/\/www.pegonia.se\/stage\/index.php?rest_route=\/wp\/v2\/pages\/54\/revisions\/181"}],"wp:attachment":[{"href":"https:\/\/www.pegonia.se\/stage\/index.php?rest_route=%2Fwp%2Fv2%2Fmedia&parent=54"}],"curies":[{"name":"wp","href":"https:\/\/api.w.org\/{rel}","templated":true}]}}