{"id":52,"date":"2022-01-18T12:10:52","date_gmt":"2022-01-18T11:10:52","guid":{"rendered":"https:\/\/www.pegonia.se\/stage\/?page_id=52"},"modified":"2022-01-18T17:35:06","modified_gmt":"2022-01-18T16:35:06","slug":"salj-till-oss","status":"publish","type":"page","link":"https:\/\/www.pegonia.se\/stage\/?page_id=52","title":{"rendered":"S\u00e4lj till oss"},"content":{"rendered":"<div class=\"vce-row-container\"><div class=\"vce-row vce-element--has-background vce-row--col-gap-15 vce-row-full-height vce-row-columns--middle vce-row-content--bottom\" data-vce-full-width=\"true\" id=\"el-bc15efe3\" data-vce-do-apply=\"all el-bc15efe3\"><div class=\"vce-content-background-container\"><\/div><div class=\"vce-row-content\" data-vce-element-content=\"true\"><div class=\"vce-col vce-col--md-auto vce-col--xs-1 vce-col--xs-last vce-col--xs-first vce-col--sm-last vce-col--sm-first vce-col--md-first vce-col--lg-first vce-col--xl-first\" id=\"el-c163ae23\"><div class=\"vce-col-inner\" data-vce-do-apply=\"border margin background  el-c163ae23\"><div class=\"vce-col-content\" data-vce-element-content=\"true\" data-vce-do-apply=\"padding el-c163ae23\"><div class=\"vce-text-block\"><div class=\"vce-text-block-wrapper vce\" id=\"el-df944ea8\" data-vce-do-apply=\"all el-df944ea8\"><h2 style=\"line-height: 1.25;\"><span style=\"color: #ffffff; font-weight: bold; font-style: normal; font-size: 36pt;\"><strong>Vill du s\u00e4lja?<br>Vi vill k\u00f6pa.<\/strong><\/span><\/h2><p class=\"has-text-align-left has-nv-site-bg-color has-text-color\"><span style=\"color: #ffffff;\">\u00c4ger du ett kr\u00e5kslott med suddig stadsplan fr\u00e5n Gustav Vasas tid? En bit mark som \u201dkanske kunde bli n\u00e5got, men jag hinner inte just nu\u201d? Eller beh\u00f6ver du bara prioritera om bland dina aff\u00e4rer och ge plats \u00e5t n\u00e5got nytt?<\/span><\/p><p class=\"has-text-align-left has-nv-site-bg-color has-text-color\"><span style=\"color: #ffffff;\">Vi jagar nya projekt och \u00e4r b\u00e4st p\u00e5 att se potential d\u00e4r andra ser problem. Och vi lovar att g\u00f6ra n\u00e5got bra av det, som b\u00e5de du och vi kan vara stolta \u00f6ver.<\/span><\/p><p><span style=\"color: #ffffff;\">L\u00e5t oss h\u00f6ras<\/span><\/p><\/div><\/div><\/div><\/div><\/div><div class=\"vce-col vce-col--md-auto vce-col--xs-1 vce-col--xs-last vce-col--xs-first vce-col--sm-last vce-col--sm-first vce-col--md-last vce-col--lg-last vce-col--xl-last\" id=\"el-85b4533f\"><div class=\"vce-col-inner\" data-vce-do-apply=\"border margin background  el-85b4533f\"><div class=\"vce-col-content\" data-vce-element-content=\"true\" data-vce-do-apply=\"padding el-85b4533f\"><div class=\"vce vce-simple-contact-form-container vce-simple-contact-form--shape-square vce-simple-contact-form--outline-color-b-255-255-255 vce-simple-contact-form--background-color-ba-255-255-255-0 vce-simple-contact-form--placeholder-color-ba-237-237-237-0-72 vce-simple-contact-form--input-color-555555 vce-simple-contact-form--label-color-b-255-255-255 vce-simple-contact-form--field-gaps-30\" data-vce-do-apply=\"all el-be31d721\" data-vce-animate=\"vce-o-animate--zoomIn\" id=\"el-be31d721\" data-vce-simple-contact-form-subject=\"S\u00e4lja mark\"><form><div class=\"vce-simple-contact-form-confirmation-message\"><div class=\"vce-message-box vce vce-message-box-border--rounded vce-message-box-style--success\" id=\"el-b4160bd0\" data-vce-do-apply=\"margin padding border background  el-b4160bd0\"><div class=\"vce-message-box-inner\"><span class=\"vce-message-box-icon vcv-ui-icon-material vcv-ui-icon-material-check\"><\/span><span class=\"vce-message-box-text\"><p style=\"color: #ffffff;\">Tackar f\u00f6r ditt medelande, vi h\u00f6r av oss innom kort<\/p><\/span><\/div><\/div><\/div><div class=\"vce-simple-contact-form-error-message\"><div class=\"vce-message-box vce vce-message-box-border--rounded vce-message-box-style--error\" id=\"el-5321086f\" data-vce-do-apply=\"margin padding border background  el-5321086f\"><div class=\"vce-message-box-inner\"><span class=\"vce-message-box-icon vcv-ui-icon-material vcv-ui-icon-material-close\"><\/span><span class=\"vce-message-box-text\"><p style=\"color: #ffffff;\">Failed to send message!<\/p><\/span><\/div><\/div><\/div><label class=\"vce-simple-contact-form--input-label\" for=\"vce-simple-form--name-be31d721\">Namn<\/label><input type=\"hidden\" name=\"vcv-source-id\" value=\"52\"><input type=\"text\" required=\"\" id=\"vce-simple-form--name-be31d721\" class=\"vce-simple-contact-form-input\" placeholder=\"Namn\"><label class=\"vce-simple-contact-form--input-label\" for=\"vce-simple-form--email-be31d721\">E-post<\/label><input type=\"email\" required=\"\" id=\"vce-simple-form--email-be31d721\" class=\"vce-simple-contact-form-input\" placeholder=\"E-post\"><label class=\"vce-simple-contact-form--input-label\" for=\"vce-simple-form--message-be31d721\">Medelande<\/label><textarea required=\"\" id=\"vce-simple-form--message-be31d721\" class=\"vce-simple-contact-form-textarea vce-simple-contact-form-input\" cols=\"30\" rows=\"10\" placeholder=\"Medelande\"><\/textarea><div class=\"vce-button--style-outline-container vce-button--style-outline-container--align-left\"><span class=\"vce-button--style-outline-wrapper vce\" id=\"el-58af1379\" data-vce-do-apply=\"margin el-58af1379\"><button class=\"vce-button--style-outline-animated vce-button--style-outline--border-square vce-button--style-outline--size-large vce-button--style-outline-animated--color-e3e3e3--fff--3d3d3d vce-button--style-outline-animated--border-color-e3e3e3--3d3d3d vce-button--style-outline-animated--background-color-3d3d3d\" data-vce-do-apply=\"padding border background  el-58af1379\"><span class=\"vce-button--style-outline-text\">Skicka<\/span><\/button><\/span><\/div><\/form><\/div><\/div><\/div><\/div><\/div><\/div><\/div>\n","protected":false},"excerpt":{"rendered":"<p>Vill du s\u00e4lja?Vi vill k\u00f6pa.\u00c4ger du ett kr\u00e5kslott med suddig stadsplan fr\u00e5n Gustav Vasas tid? En bit mark som \u201dkanske kunde bli n\u00e5got, men jag hinner inte just nu\u201d? Eller beh\u00f6ver du bara prioritera om bland dina aff\u00e4rer och ge plats \u00e5t n\u00e5got nytt?Vi jagar nya projekt och \u00e4r b\u00e4st p\u00e5 att se potential d\u00e4r [&hellip;]<\/p>\n","protected":false},"author":1,"featured_media":0,"parent":0,"menu_order":0,"comment_status":"closed","ping_status":"closed","template":"","meta":{"footnotes":""},"class_list":["post-52","page","type-page","status-publish","hentry"],"_links":{"self":[{"href":"https:\/\/www.pegonia.se\/stage\/index.php?rest_route=\/wp\/v2\/pages\/52","targetHints":{"allow":["GET"]}}],"collection":[{"href":"https:\/\/www.pegonia.se\/stage\/index.php?rest_route=\/wp\/v2\/pages"}],"about":[{"href":"https:\/\/www.pegonia.se\/stage\/index.php?rest_route=\/wp\/v2\/types\/page"}],"author":[{"embeddable":true,"href":"https:\/\/www.pegonia.se\/stage\/index.php?rest_route=\/wp\/v2\/users\/1"}],"replies":[{"embeddable":true,"href":"https:\/\/www.pegonia.se\/stage\/index.php?rest_route=%2Fwp%2Fv2%2Fcomments&post=52"}],"version-history":[{"count":6,"href":"https:\/\/www.pegonia.se\/stage\/index.php?rest_route=\/wp\/v2\/pages\/52\/revisions"}],"predecessor-version":[{"id":130,"href":"https:\/\/www.pegonia.se\/stage\/index.php?rest_route=\/wp\/v2\/pages\/52\/revisions\/130"}],"wp:attachment":[{"href":"https:\/\/www.pegonia.se\/stage\/index.php?rest_route=%2Fwp%2Fv2%2Fmedia&parent=52"}],"curies":[{"name":"wp","href":"https:\/\/api.w.org\/{rel}","templated":true}]}}