{"id":161,"date":"2022-01-19T10:51:32","date_gmt":"2022-01-19T09:51:32","guid":{"rendered":"https:\/\/www.pegonia.se\/stage\/?page_id=161"},"modified":"2022-01-19T14:39:40","modified_gmt":"2022-01-19T13:39:40","slug":"smogen","status":"publish","type":"page","link":"https:\/\/www.pegonia.se\/stage\/?page_id=161","title":{"rendered":"Sm\u00f6gen"},"content":{"rendered":"<div class=\"vce-row-container\"><div class=\"vce-row vce-element--has-background vce-row--col-gap-15 vce-row-full-height vce-row-columns--middle vce-row-content--bottom\" data-vce-full-width=\"true\" id=\"el-bc15efe3\" data-vce-do-apply=\"all el-bc15efe3\"><div class=\"vce-content-background-container\"><\/div><div class=\"vce-row-content\" data-vce-element-content=\"true\"><div class=\"vce-col vce-col--md-auto vce-col--xs-1 vce-col--xs-last vce-col--xs-first vce-col--sm-last vce-col--sm-first vce-col--md-first vce-col--lg-first vce-col--xl-first\" id=\"el-c163ae23\"><div class=\"vce-col-inner\" data-vce-do-apply=\"border margin background  el-c163ae23\"><div class=\"vce-col-content\" data-vce-element-content=\"true\" data-vce-do-apply=\"padding el-c163ae23\"><div class=\"vce-text-block\"><div class=\"vce-text-block-wrapper vce\" id=\"el-df944ea8\" data-vce-do-apply=\"all el-df944ea8\"><h2 style=\"line-height: 1.25;\"><span style=\"color: #ffffff; font-weight: bold; font-style: normal; font-size: 36pt;\"><strong>Sm\u00f6gen<\/strong><\/span><\/h2><br><p class=\"has-text-align-left has-nv-site-bg-color has-text-color\"><span style=\"color: #ffffff;\">\u00c4r du intresserad av att h\u00f6ra mer om v\u00e5rt projekt p\u00e5 sm\u00f6gen?<br>fyll i formul\u00e4retoch skicka in dina uppgifter. <br>L\u00e5t oss h\u00f6ras!<\/span><\/p><br><\/div><\/div><div class=\"vce-single-image-container vce-single-image--align-left\"><div class=\"vce vce-single-image-wrapper\" id=\"el-1244ca10\" data-vce-do-apply=\"all el-1244ca10\"><figure><div class=\"vce-single-image-inner vce-single-image--absolute\" style=\"padding-bottom: 100%; width: 400px;\"><img loading=\"lazy\" decoding=\"async\" class=\"vce-single-image vcv-lozad\" data-src=\"https:\/\/www.pegonia.se\/stage\/wp-content\/uploads\/2022\/01\/Smogen-1024x1024-1-400x400.jpeg\" width=\"400\" height=\"400\" srcset=\"https:\/\/www.pegonia.se\/stage\/wp-content\/uploads\/2022\/01\/Smogen-1024x1024-1-320x320.jpeg 320w,https:\/\/www.pegonia.se\/stage\/wp-content\/uploads\/2022\/01\/Smogen-1024x1024-1-480x480.jpeg 480w,https:\/\/www.pegonia.se\/stage\/wp-content\/uploads\/2022\/01\/Smogen-1024x1024-1-800x800.jpeg 800w,https:\/\/www.pegonia.se\/stage\/wp-content\/uploads\/2022\/01\/Smogen-1024x1024-1-400x400.jpeg 400w,https:\/\/www.pegonia.se\/stage\/wp-content\/uploads\/2022\/01\/Smogen-1024x1024-1-800x800.jpeg 2x\" src=\"\" data-img-src=\"https:\/\/www.pegonia.se\/stage\/wp-content\/uploads\/2022\/01\/Smogen-1024x1024-1.jpeg\" alt=\"\" title=\"Smogen-1024x1024\" \/><noscript>\n        <img loading=\"lazy\" decoding=\"async\" class=\"vce-single-image\" src=\"https:\/\/www.pegonia.se\/stage\/wp-content\/uploads\/2022\/01\/Smogen-1024x1024-1.jpeg\" width=\"400\" height=\"400\" alt=\"\" title=\"Smogen-1024x1024\" \/>\n      <\/noscript><\/div><figcaption hidden=\"\"><\/figcaption><\/figure><\/div><\/div><\/div><\/div><\/div><div class=\"vce-col vce-col--md-auto vce-col--xs-1 vce-col--xs-last vce-col--xs-first vce-col--sm-last vce-col--sm-first vce-col--md-last vce-col--lg-last vce-col--xl-last\" id=\"el-85b4533f\"><div class=\"vce-col-inner\" data-vce-do-apply=\"border margin background  el-85b4533f\"><div class=\"vce-col-content\" data-vce-element-content=\"true\" data-vce-do-apply=\"padding el-85b4533f\"><div class=\"vce vce-simple-contact-form-container vce-simple-contact-form--shape-square vce-simple-contact-form--outline-color-b-255-255-255 vce-simple-contact-form--background-color-ba-255-255-255-0 vce-simple-contact-form--placeholder-color-ba-237-237-237-0-72 vce-simple-contact-form--input-color-555555 vce-simple-contact-form--label-color-b-255-255-255 vce-simple-contact-form--field-gaps-30\" data-vce-do-apply=\"all el-be31d721\" data-vce-animate=\"vce-o-animate--zoomIn\" id=\"el-be31d721\" data-vce-simple-contact-form-subject=\"S\u00e4lja mark\"><form><div class=\"vce-simple-contact-form-confirmation-message\"><div class=\"vce-message-box vce vce-message-box-border--rounded vce-message-box-style--success\" id=\"el-b4160bd0\" data-vce-do-apply=\"margin padding border background  el-b4160bd0\"><div class=\"vce-message-box-inner\"><span class=\"vce-message-box-icon vcv-ui-icon-material vcv-ui-icon-material-check\"><\/span><span class=\"vce-message-box-text\"><p style=\"color: #ffffff;\">Tackar f\u00f6r ditt medelande, vi h\u00f6r av oss innom kort<\/p><\/span><\/div><\/div><\/div><div class=\"vce-simple-contact-form-error-message\"><div class=\"vce-message-box vce vce-message-box-border--rounded vce-message-box-style--error\" id=\"el-5321086f\" data-vce-do-apply=\"margin padding border background  el-5321086f\"><div class=\"vce-message-box-inner\"><span class=\"vce-message-box-icon vcv-ui-icon-material vcv-ui-icon-material-close\"><\/span><span class=\"vce-message-box-text\"><p style=\"color: #ffffff;\">Failed to send message!<\/p><\/span><\/div><\/div><\/div><label class=\"vce-simple-contact-form--input-label\" for=\"vce-simple-form--name-be31d721\">Namn<\/label><input type=\"hidden\" name=\"vcv-source-id\" value=\"161\"><input type=\"text\" required=\"\" id=\"vce-simple-form--name-be31d721\" class=\"vce-simple-contact-form-input\" placeholder=\"Namn\"><label class=\"vce-simple-contact-form--input-label\" for=\"vce-simple-form--email-be31d721\">E-post<\/label><input type=\"email\" required=\"\" id=\"vce-simple-form--email-be31d721\" class=\"vce-simple-contact-form-input\" placeholder=\"E-post\"><label class=\"vce-simple-contact-form--input-label\" for=\"vce-simple-form--message-be31d721\">Medelande<\/label><textarea required=\"\" id=\"vce-simple-form--message-be31d721\" class=\"vce-simple-contact-form-textarea vce-simple-contact-form-input\" cols=\"30\" rows=\"10\" placeholder=\"Medelande\"><\/textarea><div class=\"vce-button--style-outline-container vce-button--style-outline-container--align-left\"><span class=\"vce-button--style-outline-wrapper vce\" id=\"el-58af1379\" data-vce-do-apply=\"margin el-58af1379\"><button class=\"vce-button--style-outline-animated vce-button--style-outline--border-square vce-button--style-outline--size-large vce-button--style-outline-animated--color-e3e3e3--fff--3d3d3d vce-button--style-outline-animated--border-color-e3e3e3--3d3d3d vce-button--style-outline-animated--background-color-3d3d3d\" data-vce-do-apply=\"padding border background  el-58af1379\"><span class=\"vce-button--style-outline-text\">Skicka<\/span><\/button><\/span><\/div><\/form><\/div><\/div><\/div><\/div><\/div><\/div><\/div>\n","protected":false},"excerpt":{"rendered":"<p>Sm\u00f6gen\u00c4r du intresserad av att h\u00f6ra mer om v\u00e5rt projekt p\u00e5 sm\u00f6gen?fyll i formul\u00e4retoch skicka in dina uppgifter. L\u00e5t oss h\u00f6ras! Tackar f\u00f6r ditt medelande, vi h\u00f6r av oss innom kortFailed to send message!NamnE-postMedelandeSkicka<\/p>\n","protected":false},"author":1,"featured_media":0,"parent":0,"menu_order":0,"comment_status":"closed","ping_status":"closed","template":"","meta":{"footnotes":""},"class_list":["post-161","page","type-page","status-publish","hentry"],"_links":{"self":[{"href":"https:\/\/www.pegonia.se\/stage\/index.php?rest_route=\/wp\/v2\/pages\/161","targetHints":{"allow":["GET"]}}],"collection":[{"href":"https:\/\/www.pegonia.se\/stage\/index.php?rest_route=\/wp\/v2\/pages"}],"about":[{"href":"https:\/\/www.pegonia.se\/stage\/index.php?rest_route=\/wp\/v2\/types\/page"}],"author":[{"embeddable":true,"href":"https:\/\/www.pegonia.se\/stage\/index.php?rest_route=\/wp\/v2\/users\/1"}],"replies":[{"embeddable":true,"href":"https:\/\/www.pegonia.se\/stage\/index.php?rest_route=%2Fwp%2Fv2%2Fcomments&post=161"}],"version-history":[{"count":3,"href":"https:\/\/www.pegonia.se\/stage\/index.php?rest_route=\/wp\/v2\/pages\/161\/revisions"}],"predecessor-version":[{"id":190,"href":"https:\/\/www.pegonia.se\/stage\/index.php?rest_route=\/wp\/v2\/pages\/161\/revisions\/190"}],"wp:attachment":[{"href":"https:\/\/www.pegonia.se\/stage\/index.php?rest_route=%2Fwp%2Fv2%2Fmedia&parent=161"}],"curies":[{"name":"wp","href":"https:\/\/api.w.org\/{rel}","templated":true}]}}